{"id":29024,"date":"2023-04-07T10:06:11","date_gmt":"2023-04-07T08:06:11","guid":{"rendered":"https:\/\/parcodelpiano.ch\/geschichte\/"},"modified":"2024-05-06T15:44:07","modified_gmt":"2024-05-06T13:44:07","slug":"geschichte","status":"publish","type":"page","link":"https:\/\/parcodelpiano.ch\/de\/geschichte\/","title":{"rendered":"Geschichte"},"content":{"rendered":"<div class=\"wpb-content-wrapper\"><p>[vc_row][vc_column][dfd_spacer screen_wide_spacer_size=&#8221;80&#8243; screen_normal_resolution=&#8221;1024&#8243; screen_tablet_resolution=&#8221;800&#8243; screen_mobile_resolution=&#8221;480&#8243; screen_normal_spacer_size=&#8221;80&#8243; screen_tablet_spacer_size=&#8221;60&#8243; screen_mobile_spacer_size=&#8221;60&#8243;][\/vc_column][\/vc_row][vc_row css=&#8221;.vc_custom_1606742555222{padding-right: 30px !important;padding-left: 30px !important;}&#8221;][vc_column width=&#8221;1\/6&#8243; col_shadow=&#8221;box_shadow_enable:disable|shadow_horizontal:0|shadow_vertical:15|shadow_blur:50|shadow_spread:0|box_shadow_color:rgba(0%2C0%2C0%2C0.35)&#8221; col_shadow_hover=&#8221;box_shadow_enable:disable|shadow_horizontal:0|shadow_vertical:15|shadow_blur:50|shadow_spread:0|box_shadow_color:rgba(0%2C0%2C0%2C0.35)&#8221;][\/vc_column][vc_column width=&#8221;2\/3&#8243;][vc_column_text css=&#8221;.vc_custom_1680853748983{padding-bottom: 15px !important;}&#8221;]<\/p>\n<h1>Der Park Piano di Magadino<\/h1>\n<p>[\/vc_column_text][vc_column_text]Der Piano di Magadino (Magadino-Ebene) ist ein grosser, flacher Landstrich s\u00fcdlich der Alpen im Kanton Tessin, zwischen Bellinzona und dem Lago Maggiore. In Bezug auf die Morphologie und die geschichtliche Entwicklung stellt er ein Unikum auf dem Gebiet des Tessins und der gesamten Schweizerischen Eidgenossenschaft dar. Es ist in der Tat das gr\u00f6sste flache Gebiet des Kantons. In den letzten Jahrzehnten haben sich hier umfangreiche Infrastrukturen und produktive T\u00e4tigkeiten entwickelt.<br \/>\nHeute ist das Gebiet eine Ressource f\u00fcr die Landwirtschaft, aber auch eine wichtige Naturoase &#8211; insbesondere dank dem Schutzgebiet Bolle di Magadino &#8211; und ein Gebiet f\u00fcr Erholung und lokalen Tourismus. Die Landschaft setzt sich also aus nat\u00fcrlichen, l\u00e4ndlichen und menschlichen Elementen zusammen, die es zu einem kontrastreichen Gebiet machen, das sich in st\u00e4ndiger Entwicklung befindet.<br \/>\nDie Zukunft dieses Gebiets, das nicht mehr nur dem Bild des 20. Jahrhunderts entspricht, das es als &#8220;Kornkammer des Tessins&#8221; bezeichnete, ist Gegenstand von Planungs- und Entwicklungsstrategien, die darauf abzielen, seine verschiedenen Eigenschaften und Funktionen aufzuwerten.<br \/>\nEiner der Hauptakteure in diesem Rahmen ist heute der Piano di Magadino Park, der 2014 mit dem Ziel gegr\u00fcndet wurde, eine synergetische Entwicklung der verschiedenen Berufe des Gebiets &#8211; Landwirtschaft, Natur und Erholung &#8211; im st\u00e4dtischen Raum zwischen Locarno und Bellinzona zu f\u00f6rdern.[\/vc_column_text][\/vc_column][vc_column width=&#8221;1\/6&#8243;][\/vc_column][\/vc_row][vc_row][vc_column][dfd_spacer screen_wide_spacer_size=&#8221;50&#8243; screen_normal_resolution=&#8221;1024&#8243; screen_tablet_resolution=&#8221;800&#8243; screen_m&#8221;480&#8243; screen_normal_spacer_size=&#8221;50&#8243; screen_tablet_spacer_size=&#8221;50&#8243; screen_mobile_spacer_size=&#8221;50&#8243;][\/vc_column][\/vc_row][vc_row dfd_row_config=&#8221;full_width_content&#8221;][vc_column][dfd_single_image image=&#8221;22127&#8243;][\/vc_column][\/vc_row][vc_row][vc_column][dfd_spacer screen_wide_spacer_size=&#8221;100&#8243; screen_normal_resolution=&#8221;1024&#8243; screen_tablet_resolution=&#8221;800&#8243; screen_mobile_resolution=&#8221;480&#8243; screen_normal_spacer_size=&#8221;100&#8243; screen_tablet_spacer_size=&#8221;100&#8243; screen_mobile_spacer_size=&#8221;100&#8243;][\/vc_column][\/vc_row][vc_row css=&#8221;.vc_custom_1680855058209{padding-right: 30px !important;padding-left: 30px !important;}&#8221;][vc_column width=&#8221;1\/2&#8243; dfd_column_responsive_enable=&#8221;dfd-column-responsive-enable&#8221; css=&#8221;.vc_custom_1680855132077{padding-top: 150px !important;padding-right: 60px !important;}&#8221; col_shadow=&#8221;box_shadow_enable:disable|shadow_horizontal:0|shadow_vertical:15|shadow_blur:50|shadow_spread:0|box_shadow_color:rgba(0%2C0%2C0%2C0.35)&#8221; col_shadow_hover=&#8221;box_shadow_enable:disable|shadow_horizontal:0|shadow_vertical:15|shadow_blur:50|shadow_spread:0|box_shadow_color:rgba(0%2C0%2C0%2C0.35)&#8221; responsive_styles=&#8221;padding_top_desktop:120|padding_top_tablet:100|padding_top_mobile:0|padding_right_mobile:30&#8243;][vc_column_text]Mit einer Fl\u00e4che von 2350 ha umfasst der Park fast 60 % der Gesamtfl\u00e4che des Piano di Magadino. Der Park umfasst das landwirtschaftliche und naturwissenschaftliche Gebiet (einschlie\u00dflich des Sumpfgebiets Bolle di Magadino von nationaler Bedeutung), das sich entlang des Flusslaufs des Ticino \u00fcber eine L\u00e4nge von fast 11 km und eine durchschnittliche Breite von etwa 2 km erstreckt. In diesem Gebiet gibt es keine Bauzonen, mit Ausnahme einiger Zonen f\u00fcr Geb\u00e4ude und Anlagen von \u00f6ffentlichem Interesse.[\/vc_column_text][\/vc_column][vc_column width=&#8221;1\/2&#8243; dfd_column_responsive_enable=&#8221;dfd-column-responsive-enable&#8221; col_shadow=&#8221;box_shadow_enable:disable|shadow_horizontal:0|shadow_vertical:15|shadow_blur:50|shadow_spread:0|box_shadow_color:rgba(0%2C0%2C0%2C0.35)&#8221; col_shadow_hover=&#8221;box_shadow_enable:disable|shadow_horizontal:0|shadow_vertical:15|shadow_blur:50|shadow_spread:0|box_shadow_color:rgba(0%2C0%2C0%2C0.35)&#8221; responsive_styles=&#8221;padding_top_mobile:30|padding_left_mobile:90&#8243;][dfd_single_image image=&#8221;22130&#8243;][\/vc_column][\/vc_row][vc_row][vc_column][dfd_spacer screen_wide_spacer_size=&#8221;200&#8243; screen_normal_resolution=&#8221;1024&#8243; screen_tablet_resolution=&#8221;800&#8243; screen_mobile_resolution=&#8221;480&#8243; screen_normal_spacer_size=&#8221;150&#8243; screen_tablet_spacer_size=&#8221;120&#8243; screen_mobile_spacer_size=&#8221;120&#8243;][\/vc_column][\/vc_row][vc_row css=&#8221;.vc_custom_1680857881286{padding-right: 30px !important;padding-left: 30px !important;}&#8221;][vc_column width=&#8221;1\/6&#8243;][\/vc_column][vc_column width=&#8221;2\/3&#8243;][vc_column_text css=&#8221;.vc_custom_1680855720928{padding-bottom: 15px !important;}&#8221;]<\/p>\n<h1>Die Mission des Parks<\/h1>\n<p>[\/vc_column_text][vc_column_text]Der kantonale Nutzungsplan des Parks Piano di Magadino ist ein territoriales Projekt, das sich auf eine im kantonalen Masterplan verankerte Entwicklungsvision st\u00fctzt und zur F\u00f6rderung der Werte des Gebiets beitr\u00e4gt, die es im Laufe der Zeit zu bewahren gilt. Aus dem Dokument gehen acht Hauptthemen hervor, die mit ebenso vielen Zielen korrespondieren, an denen sich heute das Handeln der Parkverwaltung orientiert:[\/vc_column_text][\/vc_column][vc_column width=&#8221;1\/6&#8243;][\/vc_column][\/vc_row][vc_row][vc_column][dfd_spacer screen_wide_spacer_size=&#8221;100&#8243; screen_normal_resolution=&#8221;1024&#8243; screen_tablet_resolution=&#8221;800&#8243; screen_mobile_resolution=&#8221;480&#8243; screen_normal_spacer_size=&#8221;100&#8243; screen_tablet_spacer_size=&#8221;80&#8243; screen_mobile_spacer_size=&#8221;50&#8243;][\/vc_column][\/vc_row][vc_row][vc_column width=&#8221;1\/2&#8243; css=&#8221;.vc_custom_1680857545231{padding-right: 30px !important;padding-left: 30px !important;}&#8221; col_shadow=&#8221;box_shadow_enable:disable|shadow_horizontal:0|shadow_vertical:15|shadow_blur:50|shadow_spread:0|box_shadow_color:rgba(0%2C0%2C0%2C0.35)&#8221; col_shadow_hover=&#8221;box_shadow_enable:disable|shadow_horizontal:0|shadow_vertical:15|shadow_blur:50|shadow_spread:0|box_shadow_color:rgba(0%2C0%2C0%2C0.35)&#8221;][vc_row_inner][vc_column_inner dfd_column_responsive_enable=&#8221;dfd-column-responsive-enable&#8221; css=&#8221;.vc_custom_1680857727782{padding-left: 100px !important;}&#8221; col_inner_shadow=&#8221;box_shadow_enable:disable|shadow_horizontal:0|shadow_vertical:15|shadow_blur:50|shadow_spread:0|box_shadow_color:rgba(0%2C0%2C0%2C0.35)&#8221; col_inner_shadow_hover=&#8221;box_shadow_enable:disable|shadow_horizontal:0|shadow_vertical:15|shadow_blur:50|shadow_spread:0|box_shadow_color:rgba(0%2C0%2C0%2C0.35)&#8221; responsive_styles=&#8221;padding_left_tablet:50|padding_left_mobile:50&#8243;][vc_column_text]<\/p>\n<p class=\"p1\"><span style=\"color: #37ab49;\"><b>Landschaft<br \/>\n<\/b>Verbesserung der Landschaftsqualit\u00e4t, des \u00f6kologischen Reichtums und der biologischen Vielfalt<br \/>\n<\/span><\/p>\n<p class=\"p1\"><span style=\"color: #37ab49;\"><b>Landwirtschaft<br \/>\n<\/b>St\u00e4rkung des Agrarsektors und Unterst\u00fctzung der landwirtschaftlichen Betriebe durch F\u00f6rderung ihrer Zusammenarbeit<br \/>\n<\/span><\/p>\n<p class=\"p1\"><span style=\"color: #37ab49;\"><b>Natur<br \/>\n<\/b>Schutz, Bewirtschaftung und F\u00f6rderung der nat\u00fcrlichen Bestandteile und \u00f6kologischen Funktionen<br \/>\n<\/span><\/p>\n<p class=\"p1\"><span style=\"color: #37ab49;\"><b>Freizeit und Erholung<br \/>\n<\/b>Aufwertung der Naherholung als Bestandteil des regionalen Tourismusangebots<br \/>\n<\/span><\/p>\n<p>[\/vc_column_text][\/vc_column_inner][\/vc_row_inner][vc_row_inner][vc_column_inner css=&#8221;.vc_custom_1680857576833{padding-top: 60px !important;}&#8221; col_inner_shadow=&#8221;box_shadow_enable:disable|shadow_horizontal:0|shadow_vertical:15|shadow_blur:50|shadow_spread:0|box_shadow_color:rgba(0%2C0%2C0%2C0.35)&#8221; col_inner_shadow_hover=&#8221;box_shadow_enable:disable|shadow_horizontal:0|shadow_vertical:15|shadow_blur:50|shadow_spread:0|box_shadow_color:rgba(0%2C0%2C0%2C0.35)&#8221;][dfd_single_image image=&#8221;22136&#8243;][\/vc_column_inner][\/vc_row_inner][\/vc_column][vc_column width=&#8221;1\/2&#8243; css=&#8221;.vc_custom_1680857552994{padding-right: 30px !important;padding-left: 30px !important;}&#8221; col_shadow=&#8221;box_shadow_enable:disable|shadow_horizontal:0|shadow_vertical:15|shadow_blur:50|shadow_spread:0|box_shadow_color:rgba(0%2C0%2C0%2C0.35)&#8221; col_shadow_hover=&#8221;box_shadow_enable:disable|shadow_horizontal:0|shadow_vertical:15|shadow_blur:50|shadow_spread:0|box_shadow_color:rgba(0%2C0%2C0%2C0.35)&#8221;][vc_row_inner][vc_column_inner dfd_column_responsive_enable=&#8221;dfd-column-responsive-enable&#8221; css=&#8221;.vc_custom_1680857822945{padding-top: 100px !important;}&#8221; col_inner_shadow=&#8221;box_shadow_enable:disable|shadow_horizontal:0|shadow_vertical:15|shadow_blur:50|shadow_spread:0|box_shadow_color:rgba(0%2C0%2C0%2C0.35)&#8221; col_inner_shadow_hover=&#8221;box_shadow_enable:disable|shadow_horizontal:0|shadow_vertical:15|shadow_blur:50|shadow_spread:0|box_shadow_color:rgba(0%2C0%2C0%2C0.35)&#8221; responsive_styles=&#8221;padding_top_mobile:50|padding_left_mobile:50&#8243;][dfd_single_image image=&#8221;22137&#8243;][\/vc_column_inner][\/vc_row_inner][vc_row_inner][vc_column_inner dfd_column_responsive_enable=&#8221;dfd-column-responsive-enable&#8221; css=&#8221;.vc_custom_1680857743003{padding-top: 50px !important;padding-right: 100px !important;}&#8221; col_inner_shadow=&#8221;box_shadow_enable:disable|shadow_horizontal:0|shadow_vertical:15|shadow_blur:50|shadow_spread:0|box_shadow_color:rgba(0%2C0%2C0%2C0.35)&#8221; col_inner_shadow_hover=&#8221;box_shadow_enable:disable|shadow_horizontal:0|shadow_vertical:15|shadow_blur:50|shadow_spread:0|box_shadow_color:rgba(0%2C0%2C0%2C0.35)&#8221; responsive_styles=&#8221;padding_right_tablet:50|padding_right_mobile:50&#8243;][vc_column_text]<\/p>\n<p class=\"p1\"><span style=\"color: #37ab49;\"><b>Sinergieeffekte<br \/>\n<\/b>F\u00f6rderung von Synergieeffekten zwischen Landwirtschaft, Natur und Erholung<br \/>\n<\/span><\/p>\n<p class=\"p1\"><span style=\"color: #37ab49;\"><b>Mobilit\u00e4t<br \/>\n<\/b>Sicherstellung einer koordinierten und auf die Ziele des Parks abgestimmten Mobilit\u00e4t<br \/>\n<\/span><\/p>\n<p class=\"p1\"><span style=\"color: #37ab49;\"><b>Umwelt<br \/>\n<\/b>Verbesserung der Umweltqualit\u00e4t im Park<br \/>\n<\/span><\/p>\n<p class=\"p1\"><span style=\"color: #37ab49;\"><b>Information<br \/>\n<\/b>Information und Sensibilisierung f\u00fcr die Inhalte und Werte des Parks<br \/>\n<\/span><\/p>\n<p>[\/vc_column_text][\/vc_column_inner][\/vc_row_inner][\/vc_column][\/vc_row][vc_row][vc_column][dfd_spacer screen_wide_spacer_size=&#8221;150&#8243; screen_normal_resolution=&#8221;1024&#8243; screen_tablet_resolution=&#8221;800&#8243; screen_mobile_resolution=&#8221;480&#8243; screen_normal_spacer_size=&#8221;150&#8243; screen_tablet_spacer_size=&#8221;100&#8243; screen_mobile_spacer_size=&#8221;80&#8243;][\/vc_column][\/vc_row][vc_row][vc_column width=&#8221;1\/4&#8243;][\/vc_column][vc_column column_bg_check=&#8221;column-background-dark&#8221; width=&#8221;1\/2&#8243; css=&#8221;.vc_custom_1682087059702{padding-top: 40px !important;padding-right: 30px !important;padding-bottom: 40px !important;padding-left: 30px !important;background-color: #37ab49 !important;}&#8221; col_shadow=&#8221;box_shadow_enable:disable|shadow_horizontal:0|shadow_vertical:15|shadow_blur:50|shadow_spread:0|box_shadow_color:rgba(0%2C0%2C0%2C0.35)&#8221; col_shadow_hover=&#8221;box_shadow_enable:disable|shadow_horizontal:0|shadow_vertical:15|shadow_blur:50|shadow_spread:0|box_shadow_color:rgba(0%2C0%2C0%2C0.35)&#8221; el_class=&#8221;boxbordi&#8221;][vc_column_text]<\/p>\n<h1 style=\"text-align: center;\"><a href=\"https:\/\/parcodelpiano.ch\/wp-content\/uploads\/2023\/04\/PPM_schede_didattiche_A4_4-compresso_6.pdf\"><span style=\"color: #ffffff;\">Mehr erfahren!<\/span><\/a><\/h1>\n<p>[\/vc_column_text][\/vc_column][vc_column width=&#8221;1\/4&#8243;][\/vc_column][\/vc_row]<\/p>\n<\/div>","protected":false},"excerpt":{"rendered":"<p>[vc_row][vc_column][dfd_spacer screen_wide_spacer_size=&#8221;80&#8243; screen_normal_resolution=&#8221;1024&#8243; screen_tablet_resolution=&#8221;800&#8243; screen_mobile_resolution=&#8221;480&#8243; screen_normal_spacer_size=&#8221;80&#8243; screen_tablet_spacer_size=&#8221;60&#8243; screen_mobile_spacer_size=&#8221;60&#8243;][\/vc_column][\/vc_row][vc_row css=&#8221;.vc_custom_1606742555222{padding-right: 30px !important;padding-left: 30px !important;}&#8221;][vc_column width=&#8221;1\/6&#8243; col_shadow=&#8221;box_shadow_enable:disable|shadow_horizontal:0|shadow_vertical:15|shadow_blur:50|shadow_spread:0|box_shadow_color:rgba(0%2C0%2C0%2C0.35)&#8221; col_shadow_hover=&#8221;box_shadow_enable:disable|shadow_horizontal:0|shadow_vertical:15|shadow_blur:50|shadow_spread:0|box_shadow_color:rgba(0%2C0%2C0%2C0.35)&#8221;][\/vc_column][vc_column width=&#8221;2\/3&#8243;][vc_column_text css=&#8221;.vc_custom_1680853748983{padding-bottom: 15px !important;}&#8221;] Der Park Piano di Magadino [\/vc_column_text][vc_column_text]Der Piano di Magadino (Magadino-Ebene)<\/p>\n","protected":false},"author":1,"featured_media":0,"parent":0,"menu_order":0,"comment_status":"closed","ping_status":"closed","template":"tmp-page.php","meta":{"footnotes":""},"class_list":["post-29024","page","type-page","status-publish","hentry"],"yoast_head":"<!-- This site is optimized with the Yoast SEO plugin v26.0 - https:\/\/yoast.com\/wordpress\/plugins\/seo\/ -->\n<title>Geschichte - parco del piano<\/title>\n<meta name=\"robots\" content=\"index, follow, max-snippet:-1, max-image-preview:large, max-video-preview:-1\" \/>\n<link rel=\"canonical\" href=\"https:\/\/parcodelpiano.ch\/de\/geschichte\/\" \/>\n<meta property=\"og:locale\" content=\"de_DE\" \/>\n<meta property=\"og:type\" content=\"article\" \/>\n<meta property=\"og:title\" content=\"Geschichte - parco del piano\" \/>\n<meta property=\"og:description\" content=\"[vc_row][vc_column][dfd_spacer screen_wide_spacer_size=&#8221;80&#8243; screen_normal_resolution=&#8221;1024&#8243; screen_tablet_resolution=&#8221;800&#8243; screen_mobile_resolution=&#8221;480&#8243; screen_normal_spacer_size=&#8221;80&#8243; screen_tablet_spacer_size=&#8221;60&#8243; screen_mobile_spacer_size=&#8221;60&#8243;][\/vc_column][\/vc_row][vc_row css=&#8221;.vc_custom_1606742555222{padding-right: 30px !important;padding-left: 30px !important;}&#8221;][vc_column width=&#8221;1\/6&#8243; col_shadow=&#8221;box_shadow_enable:disable|shadow_horizontal:0|shadow_vertical:15|shadow_blur:50|shadow_spread:0|box_shadow_color:rgba(0%2C0%2C0%2C0.35)&#8221; col_shadow_hover=&#8221;box_shadow_enable:disable|shadow_horizontal:0|shadow_vertical:15|shadow_blur:50|shadow_spread:0|box_shadow_color:rgba(0%2C0%2C0%2C0.35)&#8221;][\/vc_column][vc_column width=&#8221;2\/3&#8243;][vc_column_text css=&#8221;.vc_custom_1680853748983{padding-bottom: 15px !important;}&#8221;] Der Park Piano di Magadino [\/vc_column_text][vc_column_text]Der Piano di Magadino (Magadino-Ebene)\" \/>\n<meta property=\"og:url\" content=\"https:\/\/parcodelpiano.ch\/de\/geschichte\/\" \/>\n<meta property=\"og:site_name\" content=\"parco del piano\" \/>\n<meta property=\"article:modified_time\" content=\"2024-05-06T13:44:07+00:00\" \/>\n<meta name=\"twitter:card\" content=\"summary_large_image\" \/>\n<meta name=\"twitter:label1\" content=\"Gesch\u00e4tzte Lesezeit\" \/>\n\t<meta name=\"twitter:data1\" content=\"8\u00a0Minuten\" \/>\n<script type=\"application\/ld+json\" class=\"yoast-schema-graph\">{\"@context\":\"https:\/\/schema.org\",\"@graph\":[{\"@type\":\"WebPage\",\"@id\":\"https:\/\/parcodelpiano.ch\/de\/geschichte\/\",\"url\":\"https:\/\/parcodelpiano.ch\/de\/geschichte\/\",\"name\":\"Geschichte - parco del piano\",\"isPartOf\":{\"@id\":\"https:\/\/parcodelpiano.ch\/de\/#website\"},\"datePublished\":\"2023-04-07T08:06:11+00:00\",\"dateModified\":\"2024-05-06T13:44:07+00:00\",\"breadcrumb\":{\"@id\":\"https:\/\/parcodelpiano.ch\/de\/geschichte\/#breadcrumb\"},\"inLanguage\":\"de\",\"potentialAction\":[{\"@type\":\"ReadAction\",\"target\":[\"https:\/\/parcodelpiano.ch\/de\/geschichte\/\"]}]},{\"@type\":\"BreadcrumbList\",\"@id\":\"https:\/\/parcodelpiano.ch\/de\/geschichte\/#breadcrumb\",\"itemListElement\":[{\"@type\":\"ListItem\",\"position\":1,\"name\":\"Home\",\"item\":\"https:\/\/parcodelpiano.ch\/de\/home-nuova\/\"},{\"@type\":\"ListItem\",\"position\":2,\"name\":\"Geschichte\"}]},{\"@type\":\"WebSite\",\"@id\":\"https:\/\/parcodelpiano.ch\/de\/#website\",\"url\":\"https:\/\/parcodelpiano.ch\/de\/\",\"name\":\"parco del piano\",\"description\":\"Tutto un mondo da scoprire\",\"publisher\":{\"@id\":\"https:\/\/parcodelpiano.ch\/de\/#organization\"},\"potentialAction\":[{\"@type\":\"SearchAction\",\"target\":{\"@type\":\"EntryPoint\",\"urlTemplate\":\"https:\/\/parcodelpiano.ch\/de\/?s={search_term_string}\"},\"query-input\":{\"@type\":\"PropertyValueSpecification\",\"valueRequired\":true,\"valueName\":\"search_term_string\"}}],\"inLanguage\":\"de\"},{\"@type\":\"Organization\",\"@id\":\"https:\/\/parcodelpiano.ch\/de\/#organization\",\"name\":\"Fondazione Parco del Piano di Magadino\",\"url\":\"https:\/\/parcodelpiano.ch\/de\/\",\"logo\":{\"@type\":\"ImageObject\",\"inLanguage\":\"de\",\"@id\":\"https:\/\/parcodelpiano.ch\/de\/#\/schema\/logo\/image\/\",\"url\":\"https:\/\/parcodelpiano.ch\/wp-content\/uploads\/2024\/04\/parco_del_piano_di_magadino_logo.svg\",\"contentUrl\":\"https:\/\/parcodelpiano.ch\/wp-content\/uploads\/2024\/04\/parco_del_piano_di_magadino_logo.svg\",\"width\":1,\"height\":1,\"caption\":\"Fondazione Parco del Piano di Magadino\"},\"image\":{\"@id\":\"https:\/\/parcodelpiano.ch\/de\/#\/schema\/logo\/image\/\"},\"sameAs\":[\"https:\/\/www.instagram.com\/parcodelpianodimagadino\/\"]}]}<\/script>\n<!-- \/ Yoast SEO plugin. -->","yoast_head_json":{"title":"Geschichte - parco del piano","robots":{"index":"index","follow":"follow","max-snippet":"max-snippet:-1","max-image-preview":"max-image-preview:large","max-video-preview":"max-video-preview:-1"},"canonical":"https:\/\/parcodelpiano.ch\/de\/geschichte\/","og_locale":"de_DE","og_type":"article","og_title":"Geschichte - parco del piano","og_description":"[vc_row][vc_column][dfd_spacer screen_wide_spacer_size=&#8221;80&#8243; screen_normal_resolution=&#8221;1024&#8243; screen_tablet_resolution=&#8221;800&#8243; screen_mobile_resolution=&#8221;480&#8243; screen_normal_spacer_size=&#8221;80&#8243; screen_tablet_spacer_size=&#8221;60&#8243; screen_mobile_spacer_size=&#8221;60&#8243;][\/vc_column][\/vc_row][vc_row css=&#8221;.vc_custom_1606742555222{padding-right: 30px !important;padding-left: 30px !important;}&#8221;][vc_column width=&#8221;1\/6&#8243; col_shadow=&#8221;box_shadow_enable:disable|shadow_horizontal:0|shadow_vertical:15|shadow_blur:50|shadow_spread:0|box_shadow_color:rgba(0%2C0%2C0%2C0.35)&#8221; col_shadow_hover=&#8221;box_shadow_enable:disable|shadow_horizontal:0|shadow_vertical:15|shadow_blur:50|shadow_spread:0|box_shadow_color:rgba(0%2C0%2C0%2C0.35)&#8221;][\/vc_column][vc_column width=&#8221;2\/3&#8243;][vc_column_text css=&#8221;.vc_custom_1680853748983{padding-bottom: 15px !important;}&#8221;] Der Park Piano di Magadino [\/vc_column_text][vc_column_text]Der Piano di Magadino (Magadino-Ebene)","og_url":"https:\/\/parcodelpiano.ch\/de\/geschichte\/","og_site_name":"parco del piano","article_modified_time":"2024-05-06T13:44:07+00:00","twitter_card":"summary_large_image","twitter_misc":{"Gesch\u00e4tzte Lesezeit":"8\u00a0Minuten"},"schema":{"@context":"https:\/\/schema.org","@graph":[{"@type":"WebPage","@id":"https:\/\/parcodelpiano.ch\/de\/geschichte\/","url":"https:\/\/parcodelpiano.ch\/de\/geschichte\/","name":"Geschichte - parco del piano","isPartOf":{"@id":"https:\/\/parcodelpiano.ch\/de\/#website"},"datePublished":"2023-04-07T08:06:11+00:00","dateModified":"2024-05-06T13:44:07+00:00","breadcrumb":{"@id":"https:\/\/parcodelpiano.ch\/de\/geschichte\/#breadcrumb"},"inLanguage":"de","potentialAction":[{"@type":"ReadAction","target":["https:\/\/parcodelpiano.ch\/de\/geschichte\/"]}]},{"@type":"BreadcrumbList","@id":"https:\/\/parcodelpiano.ch\/de\/geschichte\/#breadcrumb","itemListElement":[{"@type":"ListItem","position":1,"name":"Home","item":"https:\/\/parcodelpiano.ch\/de\/home-nuova\/"},{"@type":"ListItem","position":2,"name":"Geschichte"}]},{"@type":"WebSite","@id":"https:\/\/parcodelpiano.ch\/de\/#website","url":"https:\/\/parcodelpiano.ch\/de\/","name":"parco del piano","description":"Tutto un mondo da scoprire","publisher":{"@id":"https:\/\/parcodelpiano.ch\/de\/#organization"},"potentialAction":[{"@type":"SearchAction","target":{"@type":"EntryPoint","urlTemplate":"https:\/\/parcodelpiano.ch\/de\/?s={search_term_string}"},"query-input":{"@type":"PropertyValueSpecification","valueRequired":true,"valueName":"search_term_string"}}],"inLanguage":"de"},{"@type":"Organization","@id":"https:\/\/parcodelpiano.ch\/de\/#organization","name":"Fondazione Parco del Piano di Magadino","url":"https:\/\/parcodelpiano.ch\/de\/","logo":{"@type":"ImageObject","inLanguage":"de","@id":"https:\/\/parcodelpiano.ch\/de\/#\/schema\/logo\/image\/","url":"https:\/\/parcodelpiano.ch\/wp-content\/uploads\/2024\/04\/parco_del_piano_di_magadino_logo.svg","contentUrl":"https:\/\/parcodelpiano.ch\/wp-content\/uploads\/2024\/04\/parco_del_piano_di_magadino_logo.svg","width":1,"height":1,"caption":"Fondazione Parco del Piano di Magadino"},"image":{"@id":"https:\/\/parcodelpiano.ch\/de\/#\/schema\/logo\/image\/"},"sameAs":["https:\/\/www.instagram.com\/parcodelpianodimagadino\/"]}]}},"_links":{"self":[{"href":"https:\/\/parcodelpiano.ch\/de\/wp-json\/wp\/v2\/pages\/29024","targetHints":{"allow":["GET"]}}],"collection":[{"href":"https:\/\/parcodelpiano.ch\/de\/wp-json\/wp\/v2\/pages"}],"about":[{"href":"https:\/\/parcodelpiano.ch\/de\/wp-json\/wp\/v2\/types\/page"}],"author":[{"embeddable":true,"href":"https:\/\/parcodelpiano.ch\/de\/wp-json\/wp\/v2\/users\/1"}],"replies":[{"embeddable":true,"href":"https:\/\/parcodelpiano.ch\/de\/wp-json\/wp\/v2\/comments?post=29024"}],"version-history":[{"count":2,"href":"https:\/\/parcodelpiano.ch\/de\/wp-json\/wp\/v2\/pages\/29024\/revisions"}],"predecessor-version":[{"id":29026,"href":"https:\/\/parcodelpiano.ch\/de\/wp-json\/wp\/v2\/pages\/29024\/revisions\/29026"}],"wp:attachment":[{"href":"https:\/\/parcodelpiano.ch\/de\/wp-json\/wp\/v2\/media?parent=29024"}],"curies":[{"name":"wp","href":"https:\/\/api.w.org\/{rel}","templated":true}]}}